{"id":340,"date":"2025-11-05T13:28:56","date_gmt":"2025-11-05T13:28:56","guid":{"rendered":"http:\/\/sensamie.fr\/?post_type=product&#038;p=340"},"modified":"2025-12-16T09:50:34","modified_gmt":"2025-12-16T09:50:34","slug":"blocs-de-construction-magnetiques-enfants-kit-150-pieces","status":"publish","type":"product","link":"https:\/\/sensamie.fr\/?product=blocs-de-construction-magnetiques-enfants-kit-150-pieces","title":{"rendered":"Blocs de construction magn\u00e9tiques \u2013 Kit \u00e9ducatif 150 pi\u00e8ces | Jouet STEM color\u00e9"},"content":{"rendered":"<p><strong data-start=\"171\" data-end=\"261\">150 pi\u00e8ces de blocs de construction magn\u00e9tiques \u2013 Kit \u00e9ducatif et cr\u00e9atif pour enfants<\/strong><\/p>\n<p data-start=\"263\" data-end=\"595\">Offrez \u00e0 vos enfants des heures de <strong data-start=\"298\" data-end=\"328\">jeu intelligent et amusant<\/strong> avec cet ensemble de <strong data-start=\"350\" data-end=\"391\">150 blocs de construction magn\u00e9tiques<\/strong> !<br data-start=\"393\" data-end=\"396\" \/>Con\u00e7u pour stimuler la <strong data-start=\"419\" data-end=\"433\">cr\u00e9ativit\u00e9<\/strong>, la <strong data-start=\"438\" data-end=\"449\">logique<\/strong> et la <strong data-start=\"456\" data-end=\"474\">motricit\u00e9 fine<\/strong>, ce kit color\u00e9 permet de b\u00e2tir une infinit\u00e9 de structures : <strong data-start=\"535\" data-end=\"573\">tours, maisons, animaux, v\u00e9hicules<\/strong>, et bien plus encore.<\/p>\n<p data-start=\"597\" data-end=\"821\">\ud83d\udca1 <strong data-start=\"600\" data-end=\"622\">Apprentissage STEM<\/strong><br data-start=\"622\" data-end=\"625\" \/>Ce jouet \u00e9ducatif favorise le d\u00e9veloppement des comp\u00e9tences en <strong data-start=\"688\" data-end=\"741\">science, technologie, ing\u00e9nierie et math\u00e9matiques<\/strong>, tout en encourageant la curiosit\u00e9, l\u2019exp\u00e9rimentation et le travail d\u2019\u00e9quipe.<\/p>\n<p data-start=\"823\" data-end=\"1050\">\ud83c\udf08 <strong data-start=\"826\" data-end=\"862\">Couleurs vives &amp; design s\u00e9curis\u00e9<\/strong><br data-start=\"862\" data-end=\"865\" \/>Les <strong data-start=\"869\" data-end=\"890\">aimants puissants<\/strong> assurent une construction stable et durable. Fabriqu\u00e9s en <strong data-start=\"949\" data-end=\"975\">mat\u00e9riaux non toxiques<\/strong>, les blocs garantissent une utilisation s\u00fbre pour les enfants d\u00e8s 3 ans.<\/p>\n<p data-start=\"1052\" data-end=\"1218\">\ud83d\udcd8 <strong data-start=\"1055\" data-end=\"1071\">Guide inclus<\/strong><br data-start=\"1071\" data-end=\"1074\" \/>Un livret d\u2019inspiration propose <strong data-start=\"1106\" data-end=\"1144\">6 mod\u00e8les de constructions guid\u00e9es<\/strong> pour aider les enfants \u00e0 explorer diff\u00e9rentes combinaisons et paysages.<\/p>\n<p data-start=\"1220\" data-end=\"1405\">\ud83c\udf81 <strong data-start=\"1223\" data-end=\"1265\">Cadeau id\u00e9al pour toutes les occasions<\/strong><br data-start=\"1265\" data-end=\"1268\" \/>Parfait pour <strong data-start=\"1281\" data-end=\"1321\">No\u00ebl, P\u00e2ques, anniversaires ou f\u00eates<\/strong>, ce kit de construction multicolore fera le bonheur des filles comme des gar\u00e7ons.<\/p>\n<p data-start=\"1407\" data-end=\"1575\">\ud83c\udfe1 <strong data-start=\"1410\" data-end=\"1431\">Jeu et d\u00e9coration<\/strong><br data-start=\"1431\" data-end=\"1434\" \/>En plus d\u2019\u00eatre un jeu \u00e9ducatif, ces blocs peuvent servir de <strong data-start=\"1494\" data-end=\"1532\">d\u00e9corations magn\u00e9tiques originales<\/strong> dans la chambre ou sur le r\u00e9frig\u00e9rateur.<\/p>\n<hr data-start=\"1577\" data-end=\"1580\" \/>\n<p data-start=\"1582\" data-end=\"1608\"><strong data-start=\"1582\" data-end=\"1606\">D\u00e9tails du produit :<\/strong><\/p>\n<ul data-start=\"1609\" data-end=\"1846\">\n<li data-start=\"1609\" data-end=\"1649\">\n<p data-start=\"1611\" data-end=\"1649\">Contient : <strong data-start=\"1622\" data-end=\"1647\">150 blocs magn\u00e9tiques<\/strong><\/p>\n<\/li>\n<li data-start=\"1650\" data-end=\"1689\">\n<p data-start=\"1652\" data-end=\"1689\">Taille d\u2019un cube : <strong data-start=\"1671\" data-end=\"1687\">2 \u00d7 2 \u00d7 2 cm<\/strong><\/p>\n<\/li>\n<li data-start=\"1690\" data-end=\"1744\">\n<p data-start=\"1692\" data-end=\"1744\">Dimensions de la bo\u00eete : <strong data-start=\"1717\" data-end=\"1742\">19,89 \u00d7 12,6 \u00d7 6,5 cm<\/strong><\/p>\n<\/li>\n<li data-start=\"1745\" data-end=\"1809\">\n<p data-start=\"1747\" data-end=\"1809\">Mat\u00e9riau : <strong data-start=\"1758\" data-end=\"1807\">Plastique ABS non toxique + aimants puissants<\/strong><\/p>\n<\/li>\n<li data-start=\"1810\" data-end=\"1846\">\n<p data-start=\"1812\" data-end=\"1846\">\u00c2ge recommand\u00e9 : <strong data-start=\"1829\" data-end=\"1846\">3 ans et plus<\/strong><\/p>\n<\/li>\n<\/ul>\n","protected":false},"excerpt":{"rendered":"<p>150 pi\u00e8ces de blocs de construction magn\u00e9tiques \u2013 Kit \u00e9ducatif et cr\u00e9atif pour enfants Offrez \u00e0 vos enfants des heures de jeu intelligent et amusant avec cet ensemble de 150 blocs de construction magn\u00e9tiques !Con\u00e7u pour stimuler la cr\u00e9ativit\u00e9, la logique et la motricit\u00e9 fine, ce kit color\u00e9 permet de b\u00e2tir une infinit\u00e9 de structures [&hellip;]<\/p>\n","protected":false},"featured_media":341,"comment_status":"open","ping_status":"closed","template":"","meta":{"_et_pb_use_builder":"","_et_pb_old_content":"","_et_gb_content_width":""},"product_brand":[],"product_cat":[21,20,19,28],"product_tag":[22],"class_list":{"0":"post-340","1":"product","2":"type-product","3":"status-publish","4":"has-post-thumbnail","6":"product_cat-jouets-3-8-ans","7":"product_cat-jouets-creatifs","8":"product_cat-jouets-educatifs","9":"product_cat-livraison-gratuite","10":"product_tag-cadeaux-enfants","12":"first","13":"outofstock","14":"shipping-taxable","15":"purchasable","16":"product-type-simple"},"_links":{"self":[{"href":"https:\/\/sensamie.fr\/index.php?rest_route=\/wp\/v2\/product\/340","targetHints":{"allow":["GET"]}}],"collection":[{"href":"https:\/\/sensamie.fr\/index.php?rest_route=\/wp\/v2\/product"}],"about":[{"href":"https:\/\/sensamie.fr\/index.php?rest_route=\/wp\/v2\/types\/product"}],"replies":[{"embeddable":true,"href":"https:\/\/sensamie.fr\/index.php?rest_route=%2Fwp%2Fv2%2Fcomments&post=340"}],"wp:featuredmedia":[{"embeddable":true,"href":"https:\/\/sensamie.fr\/index.php?rest_route=\/wp\/v2\/media\/341"}],"wp:attachment":[{"href":"https:\/\/sensamie.fr\/index.php?rest_route=%2Fwp%2Fv2%2Fmedia&parent=340"}],"wp:term":[{"taxonomy":"product_brand","embeddable":true,"href":"https:\/\/sensamie.fr\/index.php?rest_route=%2Fwp%2Fv2%2Fproduct_brand&post=340"},{"taxonomy":"product_cat","embeddable":true,"href":"https:\/\/sensamie.fr\/index.php?rest_route=%2Fwp%2Fv2%2Fproduct_cat&post=340"},{"taxonomy":"product_tag","embeddable":true,"href":"https:\/\/sensamie.fr\/index.php?rest_route=%2Fwp%2Fv2%2Fproduct_tag&post=340"}],"curies":[{"name":"wp","href":"https:\/\/api.w.org\/{rel}","templated":true}]}}