{"id":558,"date":"2025-12-01T21:40:35","date_gmt":"2025-12-01T21:40:35","guid":{"rendered":"https:\/\/sensamie.fr\/?page_id=558"},"modified":"2025-12-01T21:40:47","modified_gmt":"2025-12-01T21:40:47","slug":"conditions-des-offres-et-promotions","status":"publish","type":"page","link":"https:\/\/sensamie.fr\/?page_id=558","title":{"rendered":"Conditions des Offres et Promotions"},"content":{"rendered":"<p>[et_pb_section fb_built=\u00a0\u00bb1&Prime; theme_builder_area=\u00a0\u00bbpost_content\u00a0\u00bb _builder_version=\u00a0\u00bb4.27.4&Prime; _module_preset=\u00a0\u00bbdefault\u00a0\u00bb][et_pb_row _builder_version=\u00a0\u00bb4.27.4&Prime; _module_preset=\u00a0\u00bbdefault\u00a0\u00bb theme_builder_area=\u00a0\u00bbpost_content\u00a0\u00bb][et_pb_column _builder_version=\u00a0\u00bb4.27.4&Prime; _module_preset=\u00a0\u00bbdefault\u00a0\u00bb type=\u00a0\u00bb4_4&Prime; theme_builder_area=\u00a0\u00bbpost_content\u00a0\u00bb][et_pb_text _builder_version=\u00a0\u00bb4.27.4&Prime; _module_preset=\u00a0\u00bbdefault\u00a0\u00bb theme_builder_area=\u00a0\u00bbpost_content\u00a0\u00bb hover_enabled=\u00a0\u00bb0&Prime; sticky_enabled=\u00a0\u00bb0&Prime;]<\/p>\n<h1>\ud83d\udfe7 <strong data-start=\"5055\" data-end=\"5097\">5. Conditions des Offres et Promotions<\/strong><\/h1>\n<ul>\n<li data-start=\"5101\" data-end=\"5157\">Offres valables dans la limite des stocks disponibles.<\/li>\n<li data-start=\"5160\" data-end=\"5232\">Les codes promotionnels ne sont pas cumulables sauf mention contraire.<\/li>\n<li data-start=\"5235\" data-end=\"5335\">Les cadeaux (ex : <strong data-start=\"5253\" data-end=\"5275\">porte-jeton caddie<\/strong>) sont offerts selon les conditions indiqu\u00e9es sur l\u2019offre.<\/li>\n<li data-start=\"5338\" data-end=\"5414\">Une offre limit\u00e9e dans le temps expire automatiquement \u00e0 la date annonc\u00e9e.<\/li>\n<li data-start=\"5417\" data-end=\"5540\">Sensamie se r\u00e9serve le droit de modifier ou d\u2019annuler une promotion, sans effet r\u00e9troactif sur les commandes d\u00e9j\u00e0 valid\u00e9es.<\/li>\n<\/ul>\n<p>[\/et_pb_text][\/et_pb_column][\/et_pb_row][\/et_pb_section]<\/p>\n","protected":false},"excerpt":{"rendered":"<p>\ud83d\udfe7 5. Conditions des Offres et Promotions Offres valables dans la limite des stocks disponibles. Les codes promotionnels ne sont pas cumulables sauf mention contraire. Les cadeaux (ex : porte-jeton caddie) sont offerts selon les conditions indiqu\u00e9es sur l\u2019offre. Une offre limit\u00e9e dans le temps expire automatiquement \u00e0 la date annonc\u00e9e. Sensamie se r\u00e9serve le [&hellip;]<\/p>\n","protected":false},"author":1,"featured_media":0,"parent":0,"menu_order":0,"comment_status":"closed","ping_status":"closed","template":"","meta":{"_et_pb_use_builder":"on","_et_pb_old_content":"","_et_gb_content_width":"","footnotes":""},"class_list":["post-558","page","type-page","status-publish","hentry"],"_links":{"self":[{"href":"https:\/\/sensamie.fr\/index.php?rest_route=\/wp\/v2\/pages\/558","targetHints":{"allow":["GET"]}}],"collection":[{"href":"https:\/\/sensamie.fr\/index.php?rest_route=\/wp\/v2\/pages"}],"about":[{"href":"https:\/\/sensamie.fr\/index.php?rest_route=\/wp\/v2\/types\/page"}],"author":[{"embeddable":true,"href":"https:\/\/sensamie.fr\/index.php?rest_route=\/wp\/v2\/users\/1"}],"replies":[{"embeddable":true,"href":"https:\/\/sensamie.fr\/index.php?rest_route=%2Fwp%2Fv2%2Fcomments&post=558"}],"version-history":[{"count":2,"href":"https:\/\/sensamie.fr\/index.php?rest_route=\/wp\/v2\/pages\/558\/revisions"}],"predecessor-version":[{"id":560,"href":"https:\/\/sensamie.fr\/index.php?rest_route=\/wp\/v2\/pages\/558\/revisions\/560"}],"wp:attachment":[{"href":"https:\/\/sensamie.fr\/index.php?rest_route=%2Fwp%2Fv2%2Fmedia&parent=558"}],"curies":[{"name":"wp","href":"https:\/\/api.w.org\/{rel}","templated":true}]}}