{"id":554,"date":"2025-12-01T21:39:04","date_gmt":"2025-12-01T21:39:04","guid":{"rendered":"https:\/\/sensamie.fr\/?page_id=554"},"modified":"2025-12-02T14:25:22","modified_gmt":"2025-12-02T14:25:22","slug":"554-2","status":"publish","type":"page","link":"https:\/\/sensamie.fr\/?page_id=554","title":{"rendered":"Cookies"},"content":{"rendered":"<p>[et_pb_section fb_built=\u00a0\u00bb1&Prime; _builder_version=\u00a0\u00bb4.27.4&Prime; _module_preset=\u00a0\u00bbdefault\u00a0\u00bb global_colors_info=\u00a0\u00bb{}\u00a0\u00bb][et_pb_row _builder_version=\u00a0\u00bb4.27.4&Prime; _module_preset=\u00a0\u00bbdefault\u00a0\u00bb global_colors_info=\u00a0\u00bb{}\u00a0\u00bb][et_pb_column type=\u00a0\u00bb4_4&Prime; _builder_version=\u00a0\u00bb4.27.4&Prime; _module_preset=\u00a0\u00bbdefault\u00a0\u00bb global_colors_info=\u00a0\u00bb{}\u00a0\u00bb][et_pb_text _builder_version=\u00a0\u00bb4.27.4&Prime; _module_preset=\u00a0\u00bbdefault\u00a0\u00bb custom_padding=\u00a0\u00bb4px|||||\u00a0\u00bb global_colors_info=\u00a0\u00bb{}\u00a0\u00bb]<\/p>\n<h1>\ud83d\udfe8 <strong data-start=\"4457\" data-end=\"4484\">4. Politique de Cookies<\/strong><\/h1>\n<h2 data-start=\"4486\" data-end=\"4520\"><strong data-start=\"4489\" data-end=\"4520\">4.1 Utilisation des cookies<\/strong><\/h2>\n<p data-start=\"4521\" data-end=\"4564\">Sensamie.fr utilise des cookies afin de :<\/p>\n<ul>\n<li data-start=\"4567\" data-end=\"4602\">assurer le fonctionnement du site<\/li>\n<li data-start=\"4605\" data-end=\"4626\">analyser l\u2019audience<\/li>\n<li data-start=\"4629\" data-end=\"4657\">am\u00e9liorer votre exp\u00e9rience<\/li>\n<li data-start=\"4660\" data-end=\"4688\">personnaliser les contenus<\/li>\n<\/ul>\n<h2 data-start=\"4690\" data-end=\"4717\"><strong data-start=\"4693\" data-end=\"4717\">4.2 Types de cookies<\/strong><\/h2>\n<ul>\n<li data-start=\"4720\" data-end=\"4757\">Cookies techniques (indispensables)<\/li>\n<li data-start=\"4760\" data-end=\"4790\">Cookies de mesure d\u2019audience<\/li>\n<li data-start=\"4793\" data-end=\"4822\">Cookies de personnalisation<\/li>\n<li data-start=\"4825\" data-end=\"4855\">Cookies marketing (optionnels)<\/li>\n<\/ul>\n<h2 data-start=\"4857\" data-end=\"4887\"><strong data-start=\"4860\" data-end=\"4887\">4.3 Gestion des cookies<\/strong><\/h2>\n<p data-start=\"4888\" data-end=\"5043\">Lors de la premi\u00e8re visite, un bandeau permet d\u2019accepter ou refuser les cookies.<br data-start=\"4968\" data-end=\"4971\" \/>Vous pouvez modifier vos pr\u00e9f\u00e9rences \u00e0 tout moment via votre navigateur.<\/p>\n<p>[\/et_pb_text][\/et_pb_column][\/et_pb_row][\/et_pb_section]<\/p>\n","protected":false},"excerpt":{"rendered":"<p>\ud83d\udfe8 4. Politique de Cookies 4.1 Utilisation des cookies Sensamie.fr utilise des cookies afin de : assurer le fonctionnement du site analyser l\u2019audience am\u00e9liorer votre exp\u00e9rience personnaliser les contenus 4.2 Types de cookies Cookies techniques (indispensables) Cookies de mesure d\u2019audience Cookies de personnalisation Cookies marketing (optionnels) 4.3 Gestion des cookies Lors de la premi\u00e8re visite, [&hellip;]<\/p>\n","protected":false},"author":1,"featured_media":0,"parent":0,"menu_order":0,"comment_status":"closed","ping_status":"closed","template":"","meta":{"_et_pb_use_builder":"on","_et_pb_old_content":"","_et_gb_content_width":"","footnotes":""},"class_list":["post-554","page","type-page","status-publish","hentry"],"_links":{"self":[{"href":"https:\/\/sensamie.fr\/index.php?rest_route=\/wp\/v2\/pages\/554","targetHints":{"allow":["GET"]}}],"collection":[{"href":"https:\/\/sensamie.fr\/index.php?rest_route=\/wp\/v2\/pages"}],"about":[{"href":"https:\/\/sensamie.fr\/index.php?rest_route=\/wp\/v2\/types\/page"}],"author":[{"embeddable":true,"href":"https:\/\/sensamie.fr\/index.php?rest_route=\/wp\/v2\/users\/1"}],"replies":[{"embeddable":true,"href":"https:\/\/sensamie.fr\/index.php?rest_route=%2Fwp%2Fv2%2Fcomments&post=554"}],"version-history":[{"count":4,"href":"https:\/\/sensamie.fr\/index.php?rest_route=\/wp\/v2\/pages\/554\/revisions"}],"predecessor-version":[{"id":570,"href":"https:\/\/sensamie.fr\/index.php?rest_route=\/wp\/v2\/pages\/554\/revisions\/570"}],"wp:attachment":[{"href":"https:\/\/sensamie.fr\/index.php?rest_route=%2Fwp%2Fv2%2Fmedia&parent=554"}],"curies":[{"name":"wp","href":"https:\/\/api.w.org\/{rel}","templated":true}]}}