{"id":542,"date":"2025-12-01T21:34:50","date_gmt":"2025-12-01T21:34:50","guid":{"rendered":"https:\/\/sensamie.fr\/?page_id=542"},"modified":"2025-12-01T21:35:38","modified_gmt":"2025-12-01T21:35:38","slug":"542-2","status":"publish","type":"page","link":"https:\/\/sensamie.fr\/?page_id=542","title":{"rendered":"CGV"},"content":{"rendered":"\n[et_pb_section fb_built=\u00a0\u00bb1&Prime; theme_builder_area=\u00a0\u00bbpost_content\u00a0\u00bb _builder_version=\u00a0\u00bb4.27.4&Prime; _module_preset=\u00a0\u00bbdefault\u00a0\u00bb][et_pb_row _builder_version=\u00a0\u00bb4.27.4&Prime; _module_preset=\u00a0\u00bbdefault\u00a0\u00bb theme_builder_area=\u00a0\u00bbpost_content\u00a0\u00bb][et_pb_column _builder_version=\u00a0\u00bb4.27.4&Prime; _module_preset=\u00a0\u00bbdefault\u00a0\u00bb type=\u00a0\u00bb4_4&Prime; theme_builder_area=\u00a0\u00bbpost_content\u00a0\u00bb][et_pb_text _builder_version=\u00a0\u00bb4.27.4&Prime; _module_preset=\u00a0\u00bbdefault\u00a0\u00bb theme_builder_area=\u00a0\u00bbpost_content\u00a0\u00bb hover_enabled=\u00a0\u00bb0&Prime; sticky_enabled=\u00a0\u00bb0&Prime; custom_padding=\u00a0\u00bb10px|||||\u00a0\u00bb]<h1>\ud83d\udfe9 <strong data-start=\"1382\" data-end=\"1424\">2. Conditions G\u00e9n\u00e9rales de Vente (CGV)<\/strong><\/h1>\n<h2 data-start=\"1426\" data-end=\"1442\"><strong data-start=\"1429\" data-end=\"1442\">2.1 Objet<\/strong><\/h2>\n<p data-start=\"1443\" data-end=\"1564\">Les pr\u00e9sentes CGV r\u00e9gissent les ventes de produits r\u00e9alis\u00e9es sur le site Sensamie.fr entre Sensamie et tout consommateur.<\/p>\n<h2 data-start=\"1566\" data-end=\"1585\"><strong data-start=\"1569\" data-end=\"1585\">2.2 Produits<\/strong><\/h2>\n<p data-start=\"1586\" data-end=\"1767\">Les produits propos\u00e9s sont d\u00e9crits et pr\u00e9sent\u00e9s avec la plus grande exactitude possible. Les photographies n\u2019ont pas de valeur contractuelle mais repr\u00e9sentent fid\u00e8lement le produit.<\/p>\n<h2 data-start=\"1769\" data-end=\"1784\"><strong data-start=\"1772\" data-end=\"1784\">2.3 Prix<\/strong><\/h2>\n<p data-start=\"1785\" data-end=\"1956\">Les prix sont affich\u00e9s en euros TTC.<br data-start=\"1821\" data-end=\"1824\" \/>Sensamie se r\u00e9serve le droit de modifier ses tarifs \u00e0 tout moment, mais le prix appliqu\u00e9 est celui affich\u00e9 au moment de la commande.<\/p>\n<h2 data-start=\"1958\" data-end=\"1977\"><strong data-start=\"1961\" data-end=\"1977\">2.4 Commande<\/strong><\/h2>\n<p data-start=\"1978\" data-end=\"2127\">Toute commande valid\u00e9e implique l\u2019acceptation pleine et enti\u00e8re des pr\u00e9sentes CGV. Un e-mail de confirmation est envoy\u00e9 au client apr\u00e8s validation.<\/p>\n<h2 data-start=\"2129\" data-end=\"2148\"><strong data-start=\"2132\" data-end=\"2148\">2.5 Paiement<\/strong><\/h2>\n<p data-start=\"2149\" data-end=\"2276\">Le paiement est s\u00e9curis\u00e9 via nos prestataires : Stripe, PayPal, ou carte bancaire.<br data-start=\"2231\" data-end=\"2234\" \/>Sensamie ne stocke aucune donn\u00e9e bancaire.<\/p>\n<h2 data-start=\"2278\" data-end=\"2298\"><strong data-start=\"2281\" data-end=\"2298\">2.6 Livraison<\/strong><\/h2>\n<p data-start=\"2299\" data-end=\"2448\">D\u00e9lais indicatifs : <strong data-start=\"2319\" data-end=\"2331\">48 \u00e0 72h<\/strong> en France m\u00e9tropolitaine (selon transporteur).<br data-start=\"2378\" data-end=\"2381\" \/>Les retards \u00e9ventuels ne peuvent donner lieu \u00e0 une indemnisation.<\/p>\n<p data-start=\"2450\" data-end=\"2504\">Frais et modalit\u00e9s pr\u00e9cis\u00e9es au moment de la commande.<\/p>\n<h2 data-start=\"2506\" data-end=\"2540\"><strong data-start=\"2509\" data-end=\"2540\">2.7 R\u00e9tractation (14 jours)<\/strong><\/h2>\n<p data-start=\"2541\" data-end=\"2766\">Conform\u00e9ment \u00e0 l\u2019article L221-18 du Code de la consommation, le client dispose de <strong data-start=\"2623\" data-end=\"2635\">14 jours<\/strong> apr\u00e8s r\u00e9ception pour exercer son droit de r\u00e9tractation.<br data-start=\"2691\" data-end=\"2694\" \/>Les produits doivent \u00eatre retourn\u00e9s <strong data-start=\"2730\" data-end=\"2765\">neufs, complets et non utilis\u00e9s<\/strong>.<\/p>\n<h2 data-start=\"2768\" data-end=\"2792\"><strong data-start=\"2771\" data-end=\"2792\">2.8 Remboursement<\/strong><\/h2>\n<p data-start=\"2793\" data-end=\"2873\">Le remboursement intervient apr\u00e8s r\u00e9ception et v\u00e9rification du produit retourn\u00e9.<\/p>\n<h2 data-start=\"2875\" data-end=\"2903\"><strong data-start=\"2878\" data-end=\"2903\">2.9 Garanties l\u00e9gales<\/strong><\/h2>\n<p data-start=\"2904\" data-end=\"2927\">Le client b\u00e9n\u00e9ficie :<\/p>\n<ul>\n<li data-start=\"2930\" data-end=\"2980\">de la <strong data-start=\"2936\" data-end=\"2969\">garantie l\u00e9gale de conformit\u00e9<\/strong> (2 ans),<\/li>\n<li data-start=\"2983\" data-end=\"3026\">de la <strong data-start=\"2989\" data-end=\"3025\">garantie contre les vices cach\u00e9s<\/strong>.<\/li>\n<\/ul>\n<h2 data-start=\"3028\" data-end=\"3054\"><strong data-start=\"3031\" data-end=\"3054\">2.10 Service client<\/strong><\/h2>\n<p data-start=\"3055\" data-end=\"3089\">Email : contact@sensamie.fr<br data-start=\"3064\" data-end=\"3067\" \/>R\u00e9ponse sous 24h<\/p>[\/et_pb_text][\/et_pb_column][\/et_pb_row][\/et_pb_section]\n","protected":false},"excerpt":{"rendered":"<p>\ud83d\udfe9 2. Conditions G\u00e9n\u00e9rales de Vente (CGV) 2.1 Objet Les pr\u00e9sentes CGV r\u00e9gissent les ventes de produits r\u00e9alis\u00e9es sur le site Sensamie.fr entre Sensamie et tout consommateur. 2.2 Produits Les produits propos\u00e9s sont d\u00e9crits et pr\u00e9sent\u00e9s avec la plus grande exactitude possible. Les photographies n\u2019ont pas de valeur contractuelle mais repr\u00e9sentent fid\u00e8lement le produit. 2.3 [&hellip;]<\/p>\n","protected":false},"author":1,"featured_media":0,"parent":0,"menu_order":0,"comment_status":"closed","ping_status":"closed","template":"","meta":{"_et_pb_use_builder":"on","_et_pb_old_content":"","_et_gb_content_width":"","footnotes":""},"class_list":["post-542","page","type-page","status-publish","hentry"],"_links":{"self":[{"href":"https:\/\/sensamie.fr\/index.php?rest_route=\/wp\/v2\/pages\/542","targetHints":{"allow":["GET"]}}],"collection":[{"href":"https:\/\/sensamie.fr\/index.php?rest_route=\/wp\/v2\/pages"}],"about":[{"href":"https:\/\/sensamie.fr\/index.php?rest_route=\/wp\/v2\/types\/page"}],"author":[{"embeddable":true,"href":"https:\/\/sensamie.fr\/index.php?rest_route=\/wp\/v2\/users\/1"}],"replies":[{"embeddable":true,"href":"https:\/\/sensamie.fr\/index.php?rest_route=%2Fwp%2Fv2%2Fcomments&post=542"}],"version-history":[{"count":4,"href":"https:\/\/sensamie.fr\/index.php?rest_route=\/wp\/v2\/pages\/542\/revisions"}],"predecessor-version":[{"id":547,"href":"https:\/\/sensamie.fr\/index.php?rest_route=\/wp\/v2\/pages\/542\/revisions\/547"}],"wp:attachment":[{"href":"https:\/\/sensamie.fr\/index.php?rest_route=%2Fwp%2Fv2%2Fmedia&parent=542"}],"curies":[{"name":"wp","href":"https:\/\/api.w.org\/{rel}","templated":true}]}}