{"id":533,"date":"2025-12-01T21:30:19","date_gmt":"2025-12-01T21:30:19","guid":{"rendered":"https:\/\/sensamie.fr\/?page_id=533"},"modified":"2025-12-01T21:31:10","modified_gmt":"2025-12-01T21:31:10","slug":"533-2","status":"publish","type":"page","link":"https:\/\/sensamie.fr\/?page_id=533","title":{"rendered":"Mentions L\u00e9gales"},"content":{"rendered":"<p>[et_pb_section fb_built=\u00a0\u00bb1&Prime; theme_builder_area=\u00a0\u00bbpost_content\u00a0\u00bb _builder_version=\u00a0\u00bb4.27.4&Prime; _module_preset=\u00a0\u00bbdefault\u00a0\u00bb][et_pb_row _builder_version=\u00a0\u00bb4.27.4&Prime; _module_preset=\u00a0\u00bbdefault\u00a0\u00bb theme_builder_area=\u00a0\u00bbpost_content\u00a0\u00bb][et_pb_column _builder_version=\u00a0\u00bb4.27.4&Prime; _module_preset=\u00a0\u00bbdefault\u00a0\u00bb type=\u00a0\u00bb4_4&Prime; theme_builder_area=\u00a0\u00bbpost_content\u00a0\u00bb][et_pb_text _builder_version=\u00a0\u00bb4.27.4&Prime; _module_preset=\u00a0\u00bbdefault\u00a0\u00bb theme_builder_area=\u00a0\u00bbpost_content\u00a0\u00bb hover_enabled=\u00a0\u00bb0&Prime; sticky_enabled=\u00a0\u00bb0&Prime; custom_padding=\u00a0\u00bb6px|||||\u00a0\u00bb]<\/p>\n<h1>\ud83d\udd35 <strong data-start=\"557\" data-end=\"580\">1. Mentions L\u00e9gales<\/strong><\/h1>\n<p data-start=\"582\" data-end=\"780\"><strong data-start=\"582\" data-end=\"601\">\u00c9diteur du site<\/strong><br data-start=\"601\" data-end=\"604\" \/>Le site <strong data-start=\"612\" data-end=\"627\">Sensamie.fr<\/strong> est \u00e9dit\u00e9 par :<br data-start=\"643\" data-end=\"646\" \/><strong data-start=\"646\" data-end=\"658\">Sensamie<\/strong><br data-start=\"658\" data-end=\"661\" \/>Statut juridique : entreprise individuelle<br data-start=\"681\" data-end=\"684\" \/>Adresse : 33 rue Louis gain Angers, 49 100<br data-start=\"695\" data-end=\"698\" \/>Email : contact@sensamie.fr<br data-start=\"707\" data-end=\"710\" \/>T\u00e9l\u00e9phone : 0652369525<br data-start=\"723\" data-end=\"726\" \/>Num\u00e9ro SIRET : 793 384 405 00023<\/p>\n<p data-start=\"827\" data-end=\"918\"><strong data-start=\"920\" data-end=\"948\">Propri\u00e9t\u00e9 intellectuelle<\/strong><br data-start=\"948\" data-end=\"951\" \/>Tout le contenu pr\u00e9sent sur Sensamie.fr (textes, images, logos, vid\u00e9os\u2026) est prot\u00e9g\u00e9 par le Code de la propri\u00e9t\u00e9 intellectuelle.<br data-start=\"1079\" data-end=\"1082\" \/>Toute reproduction totale ou partielle est strictement interdite sans autorisation.<\/p>\n<p data-start=\"1167\" data-end=\"1370\"><strong data-start=\"1167\" data-end=\"1185\">Responsabilit\u00e9<\/strong><br data-start=\"1185\" data-end=\"1188\" \/>Sensamie met tout en \u0153uvre pour assurer l\u2019exactitude des informations mais ne saurait \u00eatre tenue responsable des erreurs ou omissions, ni d\u2019une indisponibilit\u00e9 temporaire du service.<\/p>\n<p>[\/et_pb_text][\/et_pb_column][\/et_pb_row][\/et_pb_section]<\/p>\n","protected":false},"excerpt":{"rendered":"<p>\ud83d\udd35 1. Mentions L\u00e9gales \u00c9diteur du siteLe site Sensamie.fr est \u00e9dit\u00e9 par :SensamieStatut juridique : entreprise individuelleAdresse : 33 rue Louis gain Angers, 49 100Email : contact@sensamie.frT\u00e9l\u00e9phone : 0652369525Num\u00e9ro SIRET : 793 384 405 00023 Propri\u00e9t\u00e9 intellectuelleTout le contenu pr\u00e9sent sur Sensamie.fr (textes, images, logos, vid\u00e9os\u2026) est prot\u00e9g\u00e9 par le Code de la propri\u00e9t\u00e9 intellectuelle.Toute [&hellip;]<\/p>\n","protected":false},"author":1,"featured_media":0,"parent":0,"menu_order":0,"comment_status":"closed","ping_status":"closed","template":"","meta":{"_et_pb_use_builder":"on","_et_pb_old_content":"","_et_gb_content_width":"","footnotes":""},"class_list":["post-533","page","type-page","status-publish","hentry"],"_links":{"self":[{"href":"https:\/\/sensamie.fr\/index.php?rest_route=\/wp\/v2\/pages\/533","targetHints":{"allow":["GET"]}}],"collection":[{"href":"https:\/\/sensamie.fr\/index.php?rest_route=\/wp\/v2\/pages"}],"about":[{"href":"https:\/\/sensamie.fr\/index.php?rest_route=\/wp\/v2\/types\/page"}],"author":[{"embeddable":true,"href":"https:\/\/sensamie.fr\/index.php?rest_route=\/wp\/v2\/users\/1"}],"replies":[{"embeddable":true,"href":"https:\/\/sensamie.fr\/index.php?rest_route=%2Fwp%2Fv2%2Fcomments&post=533"}],"version-history":[{"count":4,"href":"https:\/\/sensamie.fr\/index.php?rest_route=\/wp\/v2\/pages\/533\/revisions"}],"predecessor-version":[{"id":539,"href":"https:\/\/sensamie.fr\/index.php?rest_route=\/wp\/v2\/pages\/533\/revisions\/539"}],"wp:attachment":[{"href":"https:\/\/sensamie.fr\/index.php?rest_route=%2Fwp%2Fv2%2Fmedia&parent=533"}],"curies":[{"name":"wp","href":"https:\/\/api.w.org\/{rel}","templated":true}]}}